{"id":301,"date":"2023-06-08T12:54:00","date_gmt":"2023-06-08T10:54:00","guid":{"rendered":"https:\/\/oraxativa.com\/parquimetro\/"},"modified":"2024-01-23T15:00:02","modified_gmt":"2024-01-23T14:00:02","slug":"parquimetre","status":"publish","type":"page","link":"https:\/\/oraxativa.com\/va\/parquimetre\/","title":{"rendered":"Parqu\u00edmetre"},"content":{"rendered":"\n<section class=\"tpk-hero                 lower\"\n         style=\"\">\n                        <picture >\n\n                    <source srcset=\"https:\/\/oraxativa.com\/wp-content\/uploads\/sites\/19\/2023\/06\/592c3b810338a_parquimetro_xativa-480x300.jpg\" media=\"((min-width: 0rem) and (max-width: 30rem))\">\n                             <source srcset=\"https:\/\/oraxativa.com\/wp-content\/uploads\/sites\/19\/2023\/06\/592c3b810338a_parquimetro_xativa-1024x300.jpg\" media=\"(min-width: 30rem) and (max-width: 64rem)\" >\n                            <source srcset=\"https:\/\/oraxativa.com\/wp-content\/uploads\/sites\/19\/2023\/06\/592c3b810338a_parquimetro_xativa.jpg\" media=\"(min-width: 64rem)\" >\n        \n        \n                                                                                                        \n        <img src=\"https:\/\/oraxativa.com\/wp-content\/uploads\/sites\/19\/2023\/06\/592c3b810338a_parquimetro_xativa.jpg\" alt=\"\"  width=\"1140\" height=\"300\"  loading=\"eager\">\n    <\/picture>\n\n    \n        <div class=\"tpk-hero__content wrapper row\">\n                    <div class=\"col-xs-12 col-sm-12 pr-h pl-h\">\n                                <header class=\"tpk-head  wrapper\">\n    <p class=\"tpk-head__caption\">Funcionalitat<\/p>    <h1 class=\"tpk-head__title\">Parqu\u00edmetre<\/h1>    <\/header>\n            \n                    <\/div>\n    <\/div>\n    <\/section>\n<div class=\"tpk-spinner__wrapper\">\n    <div class=\"tpk-spinner\"><\/div>\n<\/div>\n\n<article class=\"tpk-page\">\n    <div class=\"row wrapper center-xs tpk-page__content\">\n        <div class=\"col-xs-12 col-sm-10 col-md-8 pt-4 pb-4\">\n            <blockquote>\n<h2>Informaci\u00f3<\/h2>\n<\/blockquote>\n<p><strong>X\u00e0tiva posa al servici dels seus ve\u00efns i ciutadans un parqu\u00edmetre que:<\/strong><\/p>\n<ul>\n<li>Permet abonar la taxa municipal amb monedes en el parqu\u00edmetre o per mitj\u00e0 \u00a0de l'aplicaci\u00f3\u00a0<a href=\"http:\/\/www.telpark.com\/\" target=\"_blank\" rel=\"noopener\">TELPARK<\/a>. Recorde que els parqu\u00edmetres no admeten bitllets, nom\u00e9s monedes. Amb els nous parqu\u00edmetres instal\u00b7lats tamb\u00e9 podr\u00e0 pagar amb targeta de cr\u00e8dit banc\u00e0ria, amb contacte o sense. El dit parqu\u00edmetre permet l'anul\u00b7laci\u00f3 electr\u00f2nica de la den\u00fancia per sobrepassar el temps autoritzat d'estacionament. A\u00e7\u00f2 \u00e9s possible si s'anul\u00b7la abans dels 90 minuts seg\u00fcents a la imposici\u00f3 de la den\u00fancia, per mitj\u00e0 de l'obtenci\u00f3 d'un tique d'anul\u00b7laci\u00f3. Este tique d'anul\u00b7laci\u00f3 haur\u00e0 d'introduir-se junt amb el butllet\u00ed de den\u00fancia en el sobre d'anul\u00b7laci\u00f3, i este sobre haur\u00e0 d'introduir-ho en el b\u00fastia situat sobre en la part superior del parqu\u00edmetre, quedant-se el denunciat amb el resguard del citat tique (part curta del tique).<\/li>\n<li>Davant de qualsevol dubte, per favor, dirigisca's als nostres controladors.<\/li>\n<\/ul>\n<blockquote>\n<h2><em>Funcionament<\/em><\/h2>\n<\/blockquote>\n<p>L'estacionament regulat en via p\u00fablica a X\u00e0tiva, \u00e9s una soluci\u00f3 de mobilitat urbana el fi de la qual \u00e9s facilitar una millor circulaci\u00f3 dels vehicles per la ciutat i compartir les escasses places d'aparcament disponibles entre la major quantitat de ve\u00efns i visitants possibles de X\u00e0tiva. El correcte \u00fas d'este servici p\u00fablic t\u00e9 com a conseq\u00fc\u00e8ncia principal una millora en la qualitat del medi ambient de la ciutat i de les vides de les persones, per\u00f2 tamb\u00e9, per exemple, en zones comercials o administratives facilita l'acc\u00e9s als mateixos a les persones que necessiten comprar o realitzar distintes gestions en un temps limitat.<\/p>\n<p><strong>Podr\u00e0 pagar el seu estacionament en 5 c\u00f2modes passos:<\/strong><\/p>\n<ol>\n<li><strong>Introdu\u00efsca l'import<\/strong> que necessite segons el temps d'estacionament desitjat o tarifa.Recorde que els parqu\u00edmetres no tornen canvi, per\u00f2 amb els nous parqu\u00edmetres instal\u00b7lats tamb\u00e9 podr\u00e0 pagar amb targeta de cr\u00e8dit banc\u00e0ria, amb contacte o sense.<\/li>\n<li>Recorde que si \u00e9s <strong>resident<\/strong> haur\u00e0 de pressionar una vegada el bot\u00f3 <strong>groc<\/strong> abans d'introduir l'import.<\/li>\n<li>Si realitza el pagament en els nous parqu\u00edmetres, haur\u00e0 d'introduir obligat\u00f2riament la<strong> matr\u00edcula del seu vehicle.<\/strong><\/li>\n<li><strong>Impressi\u00f3 de tique.<\/strong> Podr\u00e0 obtindre el tique de resguard una vegada finalitzada la transacci\u00f3 polsant el bot\u00f3 verd.<\/li>\n<li>Deposite el <strong>tique visible<\/strong> en el tauler de control del seu vehicle.<\/li>\n<\/ol>\n<p><img loading=\"lazy\" class=\"size-full wp-image-85 aligncenter\" src=\"http:\/\/oraxativa.com\/wp-content\/uploads\/sites\/19\/2023\/06\/xativa_zona_azul_1.jpg\" alt=\"\" width=\"800\" height=\"520\" \/><img loading=\"lazy\" class=\"size-full wp-image-86 aligncenter\" src=\"http:\/\/oraxativa.com\/wp-content\/uploads\/sites\/19\/2023\/06\/xativa_zona_azul_2.jpg\" alt=\"\" width=\"800\" height=\"520\" \/>\u00a0<img loading=\"lazy\" class=\"size-full wp-image-87 aligncenter\" src=\"http:\/\/oraxativa.com\/wp-content\/uploads\/sites\/19\/2023\/06\/xativa_zona_verde_1.jpg\" alt=\"\" width=\"800\" height=\"520\" \/> <img loading=\"lazy\" class=\"size-full wp-image-88 aligncenter\" src=\"http:\/\/oraxativa.com\/wp-content\/uploads\/sites\/19\/2023\/06\/xativa_zona_verde_2.jpg\" alt=\"\" width=\"800\" height=\"520\" \/><\/p>\n<p><em>Qualsevol persona pot aparcar en les places regulades per la zona blava o la zona verda, pr\u00e8via obtenci\u00f3 del tique habilitant corresponent, per\u00f2 recorde que els tiques obtinguts en la zona blava no seran v\u00e0lids en la zona verda, i viceversa. El temps m\u00e0xim d'estacionament ser\u00e0 de 2 hores, en ambd\u00f3s zones, blava o verda, al marge de les normes espec\u00edfiques contemplades per als residents. Les places regulades poden ser identificades b\u00e9 per mitj\u00e0 de la pintura del paviment o per mitj\u00e0 dels senyals verticals que marquen la zona regulada.<\/em><\/p>\n<blockquote>\n<h2>Tique<\/h2>\n<p><strong>Proc\u00e9s d'obtenci\u00f3 d'un tiquet<\/strong><\/p>\n<\/blockquote>\n<p><img loading=\"lazy\" class=\"size-full wp-image-82 aligncenter\" src=\"http:\/\/oraxativa.com\/wp-content\/uploads\/sites\/19\/2023\/06\/Obtencion-tiquet-castellano.jpg\" alt=\"\" width=\"700\" height=\"1299\" \/><\/p>\n<blockquote>\n<h2>Tique de resident<\/h2>\n<p><strong>Proc\u00e9s d'obtenci\u00f3 d'un tiquet de resident (Nom\u00e9s amb matr\u00edcula autoritzada)<\/strong><\/p>\n<\/blockquote>\n<p><img loading=\"lazy\" class=\" wp-image-597 aligncenter\" src=\"http:\/\/oraxativa.com\/wp-content\/uploads\/sites\/19\/2024\/01\/Obtencion-tiquet-residente-valenciano.jpg\" alt=\"\" width=\"675\" height=\"1281\" \/><\/p>\n<p>&nbsp;<\/p>\n<blockquote>\n<h2>Anul\u00b7laci\u00f3<\/h2>\n<p><strong>Proc\u00e9s d'anul\u00b7laci\u00f3 de den\u00fancia<\/strong><\/p>\n<\/blockquote>\n<p><img loading=\"lazy\" class=\"size-full wp-image-80 aligncenter\" src=\"http:\/\/oraxativa.com\/wp-content\/uploads\/sites\/19\/2023\/06\/Anulacion-denuncia-castellano.jpg\" alt=\"\" width=\"690\" height=\"1274\" \/><\/p>\n<p><em>\u00c9s important que l'usuari conserve el comprovant d'anul\u00b7laci\u00f3 de la den\u00fancia. En el sup\u00f2sit d'haver superat en temps m\u00e0xim de duraci\u00f3 de l'estacionament pr\u00e8viament abonat, amb un l\u00edmit de fins a 90 minuts des de la imposici\u00f3 de la den\u00fancia, o fins a les 23:59 del mateix dia, podran esmenar-se i salvar les dites omissions per mitj\u00e0 de l'adquisici\u00f3 del corresponent tiquet d'anul\u00b7laci\u00f3 per l'import que determine l'ordenan\u00e7a fiscal vigent. Davant de qualsevol dubte, per favor, dirigisca's als nostres controladors.<\/em><\/p>\n\n        <\/div>\n    <\/div>\n<\/article>\n\n\n<section class=\"tpk-banner-cta tpk-banner-cta--half   \"\n         style=\"                 \">\n    <div class=\"tpk-banner-cta--half__picture\">\n                                    <picture >\n\n                    <source srcset=\"https:\/\/oraxativa.com\/wp-content\/uploads\/sites\/19\/2023\/06\/589074be4670b_Noticia_Ora_-Xativa-460x320.jpg\" media=\"((min-width: 0rem) and (max-width: 30rem))\">\n                             <source srcset=\"https:\/\/oraxativa.com\/wp-content\/uploads\/sites\/19\/2023\/06\/589074be4670b_Noticia_Ora_-Xativa-520x320.jpg\" media=\"(min-width: 30rem) and (max-width: 64rem)\" >\n                            <source srcset=\"https:\/\/oraxativa.com\/wp-content\/uploads\/sites\/19\/2023\/06\/589074be4670b_Noticia_Ora_-Xativa.jpg\" media=\"(min-width: 64rem)\" >\n        \n        \n                                                                                                        \n        <img src=\"https:\/\/oraxativa.com\/wp-content\/uploads\/sites\/19\/2023\/06\/589074be4670b_Noticia_Ora_-Xativa.jpg\" alt=\"\"  width=\"730\" height=\"320\"  loading=\"lazy\" >\n    <\/picture>\n\n            <\/div>\n\n    <div class=\"tpk-banner-cta__content row wrapper middle-xs\">\n        <div class=\"col-xs-12 col-md-6 tpk-banner-cta__content__text\">\n                        <header class=\"tpk-head  wrapper\">\n    <p class=\"tpk-head__caption\">Informaci\u00f3<\/p>    <h2 class=\"tpk-head__title\">Zona blava<\/h2>    <p><strong>Horari<\/strong><\/p>\n<ul>\n<li><strong>Dilluns a divendres<\/strong>\n<ul>\n<li>Hivern: de 09:*00h a 14:*00h i de 16:*00h a 20:*00h<\/li>\n<li>Estiu: de 09:*00h a 14:*00h i de 16:*30h a 20:*30h<\/li>\n<\/ul>\n<\/li>\n<li><strong>Dissabtes, diumenges i festius<\/strong> sense servici<\/li>\n<\/ul>\n<p><strong>Tarifes<\/strong><\/p>\n<ul>\n<li>31 minuts: <strong>0,25 \u20ac<\/strong><\/li>\n<li>62 minuts: <strong>0,50 \u20ac<\/strong><\/li>\n<li>90 minuts: <strong>0,95 \u20ac<\/strong><\/li>\n<li>123 minuts (m\u00e0xim): <strong>2,00 \u20ac<\/strong><\/li>\n<\/ul>\n<\/header>            <div class=\"tpk-banner-cta__buttons\">\n                                                        <a  class=\"tpk-button tpk-button--primary tpk-button--lg \" href=\"https:\/\/oraxativa.com\/va\/horaris-i-tarifes\/\"    >\n    <span>Consultar<\/span>\n    <\/a>                            <\/div>\n        <\/div>\n    <\/div>\n<\/section>\n\n\n<section\n        class=\"tpk-banner-cta tpk-banner-cta--background   \"\n        style=\" --bg-picture: url('https:\/\/oraxativa.com\/wp-content\/uploads\/sites\/19\/2023\/06\/banner.jpg'); \">\n    <div class=\"tpk-banner-cta__content row wrapper middle-xs \">\n                                <div class=\"col-xs-12 col-md-6 tpk-banner-cta__content__text  \">\n                                                <header class=\"tpk-head  wrapper\">\n    <p class=\"tpk-head__caption\">Consulta les zones d'estacionament regulat<\/p>    <h2 class=\"tpk-head__title\">Pla General de X\u00e0tiva<\/h2>    <\/header>                                    <div class=\"tpk-banner-cta__buttons\">\n                                                                                <a  class=\"tpk-button tpk-button--primary tpk-button--lg \" href=\"\/va\/planos\/\"    >\n    <span>Veure<\/span>\n    <\/a>                                            <\/div>\n                            <\/div>\n        <\/div>\n<\/section>\n\n\n<section class=\"tpk-banner-app \">\n    <div class=\"row wrapper middle-xs\">\n        <div class=\"col-xs-12 col-sm-6 col-no-gutter tpk-banner-app__picture\">\n                                                <picture class=\"hide-xs show-sm\">\n\n                             <source srcset=\"https:\/\/oraxativa.com\/wp-content\/uploads\/sites\/19\/2023\/06\/banner_app_qr-488x398.png\" media=\"(min-width: 30rem) and (max-width: 64rem)\" >\n                            <source srcset=\"https:\/\/oraxativa.com\/wp-content\/uploads\/sites\/19\/2023\/06\/banner_app_qr.png\" media=\"(min-width: 64rem)\" >\n        \n        \n                                                                                                        \n        <img src=\"https:\/\/oraxativa.com\/wp-content\/uploads\/sites\/19\/2023\/06\/banner_app_qr.png\" alt=\"\"  width=\"518\" height=\"398\"  loading=\"lazy\" >\n    <\/picture>\n\n                                <\/div>\n        <div class=\"col-xs-12 col-sm-6 tpk-banner-app__content\">\n                        <header class=\"tpk-head  wrapper\">\n    <p class=\"tpk-head__caption\">Aparca i seguix<\/p>    <h2 class=\"tpk-head__title\">Escaneja el codi amb el teu m\u00f2bil per a descarregar l'app<\/h2>    <\/header>\n                        <div class=\"tpk-banner-app__buttons\">\n                                                                                                                    \n    <a href=\"https:\/\/play.google.com\/store\/apps\/details?id=com.delaware.empark\" class=\"tpk-button tpk-button--app dark\" target=\"_blank\">\n        <svg width=\"23\" height=\"26\" viewBox=\"0 0 23 26\" fill=\"none\" xmlns=\"http:\/\/www.w3.org\/2000\/svg\">\n            <path fill-rule=\"evenodd\" clip-rule=\"evenodd\" d=\"M0.862422 0.87988C0.581172 1.18175 0.419922 1.64675 0.419922 2.25113V23.7411C0.419922 24.3455 0.581172 24.8105 0.873047 25.1018L0.949297 25.1661L12.9905 13.1249V12.8543L0.938672 0.815505L0.862422 0.87988Z\" fill=\"url(#paint0_linear_9_9)\"\/>\n            <path fill-rule=\"evenodd\" clip-rule=\"evenodd\" d=\"M16.9962 17.1543L12.98 13.1368V12.8556L16.9975 8.83807L17.0843 8.89182L21.8362 11.5924C23.1968 12.3593 23.1968 13.6231 21.8362 14.4006L17.0843 17.1012L16.9962 17.1543Z\" fill=\"url(#paint1_linear_9_9)\"\/>\n            <path fill-rule=\"evenodd\" clip-rule=\"evenodd\" d=\"M17.083 17.1005L12.9799 12.9961L0.862371 25.1136C1.30487 25.5892 2.04987 25.643 2.88237 25.178L17.083 17.1005Z\" fill=\"url(#paint2_linear_9_9)\"\/>\n            <path fill-rule=\"evenodd\" clip-rule=\"evenodd\" d=\"M17.083 8.89304L2.88237 0.82616C2.05112 0.350535 1.30487 0.41491 0.862371 0.890535L12.9786 12.9962L17.083 8.89304Z\" fill=\"url(#paint3_linear_9_9)\"\/>\n            <defs>\n            <linearGradient id=\"paint0_linear_9_9\" x1=\"35.6607\" y1=\"-6.74995\" x2=\"-5.23028\" y2=\"12.2052\" gradientUnits=\"userSpaceOnUse\">\n            <stop stop-color=\"#047ED6\"\/>\n            <stop offset=\"1\" stop-color=\"#50E6FF\"\/>\n            <\/linearGradient>\n            <linearGradient id=\"paint1_linear_9_9\" x1=\"24.5643\" y1=\"12.9971\" x2=\"-6.03917\" y2=\"12.9971\" gradientUnits=\"userSpaceOnUse\">\n            <stop stop-color=\"#FFDA1C\"\/>\n            <stop offset=\"1\" stop-color=\"#FEB705\"\/>\n            <\/linearGradient>\n            <linearGradient id=\"paint2_linear_9_9\" x1=\"19.7657\" y1=\"4.95934\" x2=\"-15.0772\" y2=\"45.5368\" gradientUnits=\"userSpaceOnUse\">\n            <stop stop-color=\"#D9414F\"\/>\n            <stop offset=\"1\" stop-color=\"#8C193F\"\/>\n            <\/linearGradient>\n            <linearGradient id=\"paint3_linear_9_9\" x1=\"-2.18997\" y1=\"-6.27096\" x2=\"4.71665\" y2=\"5.36978\" gradientUnits=\"userSpaceOnUse\">\n            <stop stop-color=\"#33C481\"\/>\n            <stop offset=\"1\" stop-color=\"#61E3A7\"\/>\n            <\/linearGradient>\n            <\/defs>\n            <\/svg>\n        <div>\n            <span>Disponible en<\/span>\n            Google Play\n        <\/div>\n    <\/a>\n                                                                                                                                                                                <a href=\"https:\/\/apps.apple.com\/es\/app\/telpark\/id658204860\" class=\"tpk-button tpk-button--app dark\" target=\"_blank\">\n        <svg width=\"25\" height=\"30\" viewBox=\"0 0 25 30\" fill=\"none\" xmlns=\"http:\/\/www.w3.org\/2000\/svg\">\n            <path d=\"M23.643 10.227C23.469 10.362 20.397 12.093 20.397 15.942C20.397 20.394 24.306 21.969 24.423 22.008C24.405 22.104 23.802 24.165 22.362 26.265C21.078 28.113 19.737 29.958 17.697 29.958C15.657 29.958 15.132 28.773 12.777 28.773C10.482 28.773 9.666 29.997 7.8 29.997C5.934 29.997 4.632 28.287 3.135 26.187C1.401 23.721 0 19.89 0 16.254C0 10.422 3.792 7.329 7.524 7.329C9.507 7.329 11.16 8.631 12.405 8.631C13.59 8.631 15.438 7.251 17.694 7.251C18.549 7.251 21.621 7.329 23.643 10.227V10.227ZM16.623 4.782C17.556 3.675 18.216 2.139 18.216 0.603C18.216 0.39 18.198 0.174 18.159 0C16.641 0.057 14.835 1.011 13.746 2.274C12.891 3.246 12.093 4.782 12.093 6.339C12.093 6.573 12.132 6.807 12.15 6.882C12.246 6.9 12.402 6.921 12.558 6.921C13.92 6.921 15.633 6.009 16.623 4.782Z\" fill=\"white\"\/>\n        <\/svg>\n        <div>\n            <span>Disponible en<\/span>\n            Apple Store\n        <\/div>\n    <\/a>\n\n                                                                        <\/div>\n        <\/div>\n    <\/div>\n<\/section>\n","protected":false},"excerpt":{"rendered":"","protected":false},"author":1,"featured_media":0,"parent":0,"menu_order":0,"comment_status":"closed","ping_status":"closed","template":"","meta":[],"yoast_head":"<!-- This site is optimized with the Yoast SEO plugin v20.12 - https:\/\/yoast.com\/wordpress\/plugins\/seo\/ -->\n<title>Parqu\u00edmetre - ORA Xativa<\/title>\n<meta name=\"robots\" content=\"index, follow, max-snippet:-1, max-image-preview:large, max-video-preview:-1\" \/>\n<link rel=\"canonical\" href=\"https:\/\/oraxativa.com\/parquimetro\/\" \/>\n<meta property=\"og:locale\" content=\"en_US\" \/>\n<meta property=\"og:type\" content=\"article\" \/>\n<meta property=\"og:title\" content=\"Parqu\u00edmetre - ORA Xativa\" \/>\n<meta property=\"og:url\" content=\"https:\/\/oraxativa.com\/parquimetro\/\" \/>\n<meta property=\"og:site_name\" content=\"ORA Xativa\" \/>\n<meta property=\"article:modified_time\" content=\"2024-01-23T14:00:02+00:00\" \/>\n<meta name=\"twitter:card\" content=\"summary_large_image\" \/>\n<script type=\"application\/ld+json\" class=\"yoast-schema-graph\">{\"@context\":\"https:\/\/schema.org\",\"@graph\":[{\"@type\":\"WebPage\",\"@id\":\"https:\/\/oraxativa.com\/parquimetro\/\",\"url\":\"https:\/\/oraxativa.com\/parquimetro\/\",\"name\":\"Parqu\u00edmetre - ORA Xativa\",\"isPartOf\":{\"@id\":\"https:\/\/oraxativa.com\/#website\"},\"datePublished\":\"2023-06-08T10:54:00+00:00\",\"dateModified\":\"2024-01-23T14:00:02+00:00\",\"breadcrumb\":{\"@id\":\"https:\/\/oraxativa.com\/parquimetro\/#breadcrumb\"},\"inLanguage\":\"va\",\"potentialAction\":[{\"@type\":\"ReadAction\",\"target\":[\"https:\/\/oraxativa.com\/parquimetro\/\"]}]},{\"@type\":\"BreadcrumbList\",\"@id\":\"https:\/\/oraxativa.com\/parquimetro\/#breadcrumb\",\"itemListElement\":[{\"@type\":\"ListItem\",\"position\":1,\"name\":\"Home\",\"item\":\"https:\/\/oraxativa.com\/\"},{\"@type\":\"ListItem\",\"position\":2,\"name\":\"Parqu\u00edmetre\"}]},{\"@type\":\"WebSite\",\"@id\":\"https:\/\/oraxativa.com\/#website\",\"url\":\"https:\/\/oraxativa.com\/\",\"name\":\"ORA Xativa\",\"description\":\"Just another ORA Sites site\",\"publisher\":{\"@id\":\"https:\/\/oraxativa.com\/#organization\"},\"potentialAction\":[{\"@type\":\"SearchAction\",\"target\":{\"@type\":\"EntryPoint\",\"urlTemplate\":\"https:\/\/oraxativa.com\/?s={search_term_string}\"},\"query-input\":\"required name=search_term_string\"}],\"inLanguage\":\"va\"},{\"@type\":\"Organization\",\"@id\":\"https:\/\/oraxativa.com\/#organization\",\"name\":\"ORA Xativa\",\"url\":\"https:\/\/oraxativa.com\/\",\"logo\":{\"@type\":\"ImageObject\",\"inLanguage\":\"va\",\"@id\":\"https:\/\/oraxativa.com\/#\/schema\/logo\/image\/\",\"url\":\"https:\/\/oraxativa.com\/wp-content\/uploads\/sites\/19\/2023\/06\/logo-xativa.jpg\",\"contentUrl\":\"https:\/\/oraxativa.com\/wp-content\/uploads\/sites\/19\/2023\/06\/logo-xativa.jpg\",\"width\":128,\"height\":32,\"caption\":\"ORA Xativa\"},\"image\":{\"@id\":\"https:\/\/oraxativa.com\/#\/schema\/logo\/image\/\"}}]}<\/script>\n<!-- \/ Yoast SEO plugin. -->","yoast_head_json":{"title":"Parqu\u00edmetre - ORA Xativa","robots":{"index":"index","follow":"follow","max-snippet":"max-snippet:-1","max-image-preview":"max-image-preview:large","max-video-preview":"max-video-preview:-1"},"canonical":"https:\/\/oraxativa.com\/parquimetro\/","og_locale":"en_US","og_type":"article","og_title":"Parqu\u00edmetre - ORA Xativa","og_url":"https:\/\/oraxativa.com\/parquimetro\/","og_site_name":"ORA Xativa","article_modified_time":"2024-01-23T14:00:02+00:00","twitter_card":"summary_large_image","schema":{"@context":"https:\/\/schema.org","@graph":[{"@type":"WebPage","@id":"https:\/\/oraxativa.com\/parquimetro\/","url":"https:\/\/oraxativa.com\/parquimetro\/","name":"Parqu\u00edmetre - ORA Xativa","isPartOf":{"@id":"https:\/\/oraxativa.com\/#website"},"datePublished":"2023-06-08T10:54:00+00:00","dateModified":"2024-01-23T14:00:02+00:00","breadcrumb":{"@id":"https:\/\/oraxativa.com\/parquimetro\/#breadcrumb"},"inLanguage":"va","potentialAction":[{"@type":"ReadAction","target":["https:\/\/oraxativa.com\/parquimetro\/"]}]},{"@type":"BreadcrumbList","@id":"https:\/\/oraxativa.com\/parquimetro\/#breadcrumb","itemListElement":[{"@type":"ListItem","position":1,"name":"Home","item":"https:\/\/oraxativa.com\/"},{"@type":"ListItem","position":2,"name":"Parqu\u00edmetre"}]},{"@type":"WebSite","@id":"https:\/\/oraxativa.com\/#website","url":"https:\/\/oraxativa.com\/","name":"ORA Xativa","description":"Just another ORA Sites site","publisher":{"@id":"https:\/\/oraxativa.com\/#organization"},"potentialAction":[{"@type":"SearchAction","target":{"@type":"EntryPoint","urlTemplate":"https:\/\/oraxativa.com\/?s={search_term_string}"},"query-input":"required name=search_term_string"}],"inLanguage":"va"},{"@type":"Organization","@id":"https:\/\/oraxativa.com\/#organization","name":"ORA Xativa","url":"https:\/\/oraxativa.com\/","logo":{"@type":"ImageObject","inLanguage":"va","@id":"https:\/\/oraxativa.com\/#\/schema\/logo\/image\/","url":"https:\/\/oraxativa.com\/wp-content\/uploads\/sites\/19\/2023\/06\/logo-xativa.jpg","contentUrl":"https:\/\/oraxativa.com\/wp-content\/uploads\/sites\/19\/2023\/06\/logo-xativa.jpg","width":128,"height":32,"caption":"ORA Xativa"},"image":{"@id":"https:\/\/oraxativa.com\/#\/schema\/logo\/image\/"}}]}},"meta_box":[],"_links":{"self":[{"href":"https:\/\/oraxativa.com\/va\/wp-json\/wp\/v2\/pages\/301"}],"collection":[{"href":"https:\/\/oraxativa.com\/va\/wp-json\/wp\/v2\/pages"}],"about":[{"href":"https:\/\/oraxativa.com\/va\/wp-json\/wp\/v2\/types\/page"}],"author":[{"embeddable":true,"href":"https:\/\/oraxativa.com\/va\/wp-json\/wp\/v2\/users\/1"}],"replies":[{"embeddable":true,"href":"https:\/\/oraxativa.com\/va\/wp-json\/wp\/v2\/comments?post=301"}],"version-history":[{"count":3,"href":"https:\/\/oraxativa.com\/va\/wp-json\/wp\/v2\/pages\/301\/revisions"}],"predecessor-version":[{"id":623,"href":"https:\/\/oraxativa.com\/va\/wp-json\/wp\/v2\/pages\/301\/revisions\/623"}],"wp:attachment":[{"href":"https:\/\/oraxativa.com\/va\/wp-json\/wp\/v2\/media?parent=301"}],"curies":[{"name":"wp","href":"https:\/\/api.w.org\/{rel}","templated":true}]}}