{"id":298,"date":"2023-06-08T12:54:56","date_gmt":"2023-06-08T10:54:56","guid":{"rendered":"https:\/\/oraxativa.com\/residentes\/"},"modified":"2024-01-23T14:40:39","modified_gmt":"2024-01-23T13:40:39","slug":"residents","status":"publish","type":"page","link":"https:\/\/oraxativa.com\/va\/residents\/","title":{"rendered":"Residents"},"content":{"rendered":"\n<section class=\"tpk-hero                 lower\"\n         style=\"\">\n                        <picture >\n\n                    <source srcset=\"https:\/\/oraxativa.com\/wp-content\/uploads\/sites\/19\/2023\/06\/58821486a9f11_RESIDENTES-1-480x300.jpg\" media=\"((min-width: 0rem) and (max-width: 30rem))\">\n                             <source srcset=\"https:\/\/oraxativa.com\/wp-content\/uploads\/sites\/19\/2023\/06\/58821486a9f11_RESIDENTES-1-1024x300.jpg\" media=\"(min-width: 30rem) and (max-width: 64rem)\" >\n                            <source srcset=\"https:\/\/oraxativa.com\/wp-content\/uploads\/sites\/19\/2023\/06\/58821486a9f11_RESIDENTES-1.jpg\" media=\"(min-width: 64rem)\" >\n        \n        \n                                                                                                        \n        <img src=\"https:\/\/oraxativa.com\/wp-content\/uploads\/sites\/19\/2023\/06\/58821486a9f11_RESIDENTES-1.jpg\" alt=\"\"  width=\"1140\" height=\"300\"  loading=\"eager\">\n    <\/picture>\n\n    \n        <div class=\"tpk-hero__content wrapper row\">\n                    <div class=\"col-xs-12 col-sm-12 pr-h pl-h\">\n                                <header class=\"tpk-head  wrapper\">\n    <p class=\"tpk-head__caption\">Funcionalitat<\/p>    <h1 class=\"tpk-head__title\">Residents<\/h1>    <\/header>\n            \n                    <\/div>\n    <\/div>\n    <\/section>\n<div class=\"tpk-spinner__wrapper\">\n    <div class=\"tpk-spinner\"><\/div>\n<\/div>\n\n<article class=\"tpk-page\">\n    <div class=\"row wrapper center-xs tpk-page__content\">\n        <div class=\"col-xs-12 col-sm-10 col-md-8 pt-4 pb-4\">\n            <blockquote>\n<h2>Tiquet resident<\/h2>\n<\/blockquote>\n<p>No cal obtindre un distintiu f\u00edsic, \u00e9s prou amb el distintiu virtual. Els distintius de residentes\/comercios se sol\u00b7licitaran per registre d'entrada en l'Ajuntament de X\u00e0tiva. Si ho desitja, pot dirigir-se al nostre centre d'atenci\u00f3 telef\u00f2nica en el 962 35 90 85\u00a0 on li explicaran els tr\u00e0mits relacionats i documentaci\u00f3 a presentar.<\/p>\n<p>Els distintius antics van deixar de tindre validesa el <strong>31 de mar\u00e7 de 2017<\/strong>. Una vegada aprovada la seua sol\u00b7licitud per l'ajuntament, contactarem amb vost\u00e9 per a informar-li del moment d'activaci\u00f3 del distintiu virtual.\u00a0<\/p>\n<p>Per a poder sol\u00b7licitar el distintiu de residente\/comercio haur\u00e0 d'estar empadronat o el comer\u00e7 situar-se en alguns dels carrers d'influ\u00e8ncia del Servici, segons es detalla en el pla de zones ORA per a residents, aix\u00ed com no tindre deutes municipals amb l'Ajuntament. Estos extrems seran verificats directament per l'Ajuntament per a l'aprovaci\u00f3 o denegaci\u00f3 de la targeta de resident.<\/p>\n<p>Una vegada aprovada la seua sol\u00b7licitud, el nou distintiu virtual tindr\u00e0 validesa fins al 31 de desembre. Anualment es verificar\u00e0 per part de l'Ajuntament que els distintius concedits continuen complint els requisits (empadronament, abs\u00e8ncia de deutes municipals) i procedir\u00e0 a la seua renovaci\u00f3. Als 5 anys s'iniciar\u00e0 un nou proc\u00e9s complet de renovaci\u00f3 en qu\u00e8 haur\u00e0 d'aportar novament tota la documentaci\u00f3.\u00a0<\/p>\n<blockquote>\n<h2>Proc\u00e9s d'obtenci\u00f3 d'un tiquet de resident (Solament amb matr\u00edcula autoritzada)<\/h2>\n<\/blockquote>\n<p><img loading=\"lazy\" class=\"size-full wp-image-597 aligncenter\" src=\"http:\/\/oraxativa.com\/wp-content\/uploads\/sites\/19\/2024\/01\/Obtencion-tiquet-residente-valenciano.jpg\" alt=\"\" width=\"700\" height=\"1328\" \/><\/p>\n<blockquote>\n<h3><u><strong>DOCUMENTACI\u00d3 NECESS\u00c0RIA PER A SOL\u00b7LICITAR LA TARGETA DE RESIDENT O.R.A.\u00a0<\/strong><\/u><\/h3>\n<\/blockquote>\n<p>Per a tramitar la targeta de resident per a vehicles propietat de persones f\u00edsiques, cal presentar l'escrit de sol\u00b7licitud i original i fotoc\u00f2pia de la seg\u00fcent documentaci\u00f3 al departament d\u2019Altres Tributs de l'Ajuntament:<\/p>\n<ul>\n<li>\u00a0DNI, o targeta de resid\u00e8ncia i passaport.<\/li>\n<li>Perm\u00eds de circulaci\u00f3 del vehicle.<\/li>\n<\/ul>\n<h4><strong>Si el vehicle \u00e9s de l\u00edsing o de r\u00e8nting, el sol\u00b7licitant ha de presentar a m\u00e9s de la documentaci\u00f3 anterior:<\/strong><\/h4>\n<ul>\n<li>Contracte a nom del sol\u00b7licitant.<\/li>\n<\/ul>\n<h4><strong>Si el vehicle \u00e9s d'empresa, el sol\u00b7licitant ha de presentar la mateixa documentaci\u00f3 que per als vehicles propietat de persones f\u00edsiques i tamb\u00e9:<\/strong><\/h4>\n<ul>\n<li>Certificat de l'empresa segellat, que acredite que el sol\u00b7licitant \u00e9s el conductor habitual del vehicle d'empresa, o n\u00f2mina o contracte que justifique la relaci\u00f3 laboral del sol\u00b7licitant amb l'empresa.<\/li>\n<li>DNI del representant legal de l'empresa.<\/li>\n<\/ul>\n<blockquote>\n<h3><u><strong>DOCUMENTACI\u00d3 NECESS\u00c0RIA PER A SOL\u00b7LICITAR LA TARGETA DE COMER\u00c7 EN ZONA O.R.A.<\/strong><\/u><\/h3>\n<\/blockquote>\n<p>Per a tramitar la targeta de comer\u00e7 per a locals comercials en la zona ORA, cal presentar l'escrit de sol\u00b7licitud i original i fotoc\u00f2pia de la seg\u00fcent documentaci\u00f3 en el registre d'entrada de l'Ajuntament:<\/p>\n<ul>\n<li>Llic\u00e8ncia d'activitat.<\/li>\n<li>C.I.F. de la societat.<\/li>\n<li>D.N.I. representant legal de l'empresa.\u00a0<\/li>\n<li>Perm\u00eds de circulaci\u00f3 del vehicle.\u00a0<\/li>\n<li>Certificat de trobar-se al corrent en les obligacions tribut\u00e0ries i de seguretat social.<\/li>\n<\/ul>\n<p><strong>Si el vehicle \u00e9s de l\u00edsing o de r\u00e8nting, el sol\u00b7licitant ha de presentar a m\u00e9s de la documentaci\u00f3 anterior: Contracte a nom del sol\u00b7licitant o del comer\u00e7.<\/strong><\/p>\n<blockquote>\n<h3><u><strong>CANVIS EN LA DOCUMENTACI\u00d3<\/strong><\/u><\/h3>\n<p>En el cas que algun document entregat al sol\u00b7licitar la targeta varie, el resident ha d'informar i presentar la nova documentaci\u00f3.<\/p>\n<\/blockquote>\n\n        <\/div>\n    <\/div>\n<\/article>\n\n<section class=\"tpk-products \">\n    <div class=\"wrapper pl-1 pr-1 pb-3\">\n                <header class=\"tpk-head  wrapper\">\n    <p class=\"tpk-head__caption\">Documents descarregables<\/p>    <h2 class=\"tpk-head__title\">Consulta els documents per a residents i comerciants<\/h2>    <\/header>    <\/div>\n\n    <div class=\"wrapper tpk-products__cards  \">\n        <input type=\"hidden\" id=\"_wpnonce\" name=\"_wpnonce\" value=\"84a0b5b528\" \/><input type=\"hidden\" name=\"_wp_http_referer\" value=\"\/va\/wp-json\/wp\/v2\/pages\/298\" \/>\n                    <div class=\"tpk-card-product  \">\n\n\t<div class=\"tpk-card-product__head\">\n\t\t\t\t\t<span class=\"icon icon-documento icon--lg\"><\/span>\n\t\t\t\t\t<\/div>\n\t<div class=\"tpk-card-product__content\">\n\t\t<h3 class=\"tpk-card-product__content__title\">Formulari de sol\u00b7licitud Residents i Comerciants<\/h3>\n\t\t\t<\/div>\n\t\t\t\t\t\t\t\t\t\t\t\t\t\t<a  class=\"tpk-button tpk-button--primary tpk-button--lg \" href=\"https:\/\/oraxativa.com\/wp-content\/uploads\/sites\/19\/2023\/06\/5953662cf2c09_Solicitud-Residentes-Comerciantes-2017-LOPD-Castellano_compressed-4.pdf\"     download >\n    <span>Descarregar<\/span>\n            <span class=\"icon icon-download icon--sm\">\n        <\/span>\n    <\/a>\t\t\t\t\t\t\t<\/div>\n                    <div class=\"tpk-card-product  \">\n\n\t<div class=\"tpk-card-product__head\">\n\t\t\t\t\t<span class=\"icon icon-documento icon--lg\"><\/span>\n\t\t\t\t\t<\/div>\n\t<div class=\"tpk-card-product__content\">\n\t\t<h3 class=\"tpk-card-product__content__title\">Relaci\u00f3 de carrers i zones de residents asociades<\/h3>\n\t\t\t<\/div>\n\t\t\t\t\t\t\t\t\t\t\t\t\t\t<a  class=\"tpk-button tpk-button--primary tpk-button--lg \" href=\"https:\/\/oraxativa.com\/wp-content\/uploads\/sites\/19\/2023\/06\/5e54dbd4da223_Zonas-2020-01-y-Calles-afectadas_compressed-4.pdf\"     download >\n    <span>Descarregar<\/span>\n            <span class=\"icon icon-download icon--sm\">\n        <\/span>\n    <\/a>\t\t\t\t\t\t\t<\/div>\n                    <div class=\"tpk-card-product  \">\n\n\t<div class=\"tpk-card-product__head\">\n\t\t\t\t\t<span class=\"icon icon-documento icon--lg\"><\/span>\n\t\t\t\t\t<\/div>\n\t<div class=\"tpk-card-product__content\">\n\t\t<h3 class=\"tpk-card-product__content__title\">Pla de Zones de residents X\u00e0tiva<\/h3>\n\t\t\t<\/div>\n\t\t\t\t\t\t\t\t\t\t\t\t\t\t<a  class=\"tpk-button tpk-button--primary tpk-button--lg \" href=\"https:\/\/oraxativa.com\/wp-content\/uploads\/sites\/19\/2023\/06\/5e54e1b356870_ZONAS-RESIDENTES-2020-01-v2_compressed-4.pdf\"     download >\n    <span>Descarregar<\/span>\n            <span class=\"icon icon-download icon--sm\">\n        <\/span>\n    <\/a>\t\t\t\t\t\t\t<\/div>\n            <\/div>\n<\/section>\n\n\n<section\n        class=\"tpk-banner-cta tpk-banner-cta--background   \"\n        style=\" --bg-picture: url('https:\/\/oraxativa.com\/wp-content\/uploads\/sites\/19\/2023\/06\/banner.jpg'); \">\n    <div class=\"tpk-banner-cta__content row wrapper middle-xs \">\n                                <div class=\"col-xs-12 col-md-6 tpk-banner-cta__content__text  \">\n                                                <header class=\"tpk-head  wrapper\">\n    <p class=\"tpk-head__caption\">Consulta les zones d'estacionament regulat<\/p>    <h2 class=\"tpk-head__title\">Pla General de X\u00e0tiva<\/h2>    <\/header>                                    <div class=\"tpk-banner-cta__buttons\">\n                                                                                <a  class=\"tpk-button tpk-button--primary tpk-button--lg \" href=\"\/va\/planos\/\"    >\n    <span>Veure<\/span>\n    <\/a>                                            <\/div>\n                            <\/div>\n        <\/div>\n<\/section>\n\n\n<section class=\"tpk-banner-app \">\n    <div class=\"row wrapper middle-xs\">\n        <div class=\"col-xs-12 col-sm-6 col-no-gutter tpk-banner-app__picture\">\n                                                <picture class=\"hide-xs show-sm\">\n\n                             <source srcset=\"https:\/\/oraxativa.com\/wp-content\/uploads\/sites\/19\/2023\/06\/banner_app_qr-488x398.png\" media=\"(min-width: 30rem) and (max-width: 64rem)\" >\n                            <source srcset=\"https:\/\/oraxativa.com\/wp-content\/uploads\/sites\/19\/2023\/06\/banner_app_qr.png\" media=\"(min-width: 64rem)\" >\n        \n        \n                                                                                                        \n        <img src=\"https:\/\/oraxativa.com\/wp-content\/uploads\/sites\/19\/2023\/06\/banner_app_qr.png\" alt=\"\"  width=\"518\" height=\"398\"  loading=\"lazy\" >\n    <\/picture>\n\n                                <\/div>\n        <div class=\"col-xs-12 col-sm-6 tpk-banner-app__content\">\n                        <header class=\"tpk-head  wrapper\">\n    <p class=\"tpk-head__caption\">Aparca i seguix<\/p>    <h2 class=\"tpk-head__title\">Escaneja el codi amb el teu m\u00f2bil per a descarregar l'app<\/h2>    <\/header>\n                        <div class=\"tpk-banner-app__buttons\">\n                                                                                                                    \n    <a href=\"https:\/\/play.google.com\/store\/apps\/details?id=com.delaware.empark\" class=\"tpk-button tpk-button--app dark\" target=\"_blank\">\n        <svg width=\"23\" height=\"26\" viewBox=\"0 0 23 26\" fill=\"none\" xmlns=\"http:\/\/www.w3.org\/2000\/svg\">\n            <path fill-rule=\"evenodd\" clip-rule=\"evenodd\" d=\"M0.862422 0.87988C0.581172 1.18175 0.419922 1.64675 0.419922 2.25113V23.7411C0.419922 24.3455 0.581172 24.8105 0.873047 25.1018L0.949297 25.1661L12.9905 13.1249V12.8543L0.938672 0.815505L0.862422 0.87988Z\" fill=\"url(#paint0_linear_9_9)\"\/>\n            <path fill-rule=\"evenodd\" clip-rule=\"evenodd\" d=\"M16.9962 17.1543L12.98 13.1368V12.8556L16.9975 8.83807L17.0843 8.89182L21.8362 11.5924C23.1968 12.3593 23.1968 13.6231 21.8362 14.4006L17.0843 17.1012L16.9962 17.1543Z\" fill=\"url(#paint1_linear_9_9)\"\/>\n            <path fill-rule=\"evenodd\" clip-rule=\"evenodd\" d=\"M17.083 17.1005L12.9799 12.9961L0.862371 25.1136C1.30487 25.5892 2.04987 25.643 2.88237 25.178L17.083 17.1005Z\" fill=\"url(#paint2_linear_9_9)\"\/>\n            <path fill-rule=\"evenodd\" clip-rule=\"evenodd\" d=\"M17.083 8.89304L2.88237 0.82616C2.05112 0.350535 1.30487 0.41491 0.862371 0.890535L12.9786 12.9962L17.083 8.89304Z\" fill=\"url(#paint3_linear_9_9)\"\/>\n            <defs>\n            <linearGradient id=\"paint0_linear_9_9\" x1=\"35.6607\" y1=\"-6.74995\" x2=\"-5.23028\" y2=\"12.2052\" gradientUnits=\"userSpaceOnUse\">\n            <stop stop-color=\"#047ED6\"\/>\n            <stop offset=\"1\" stop-color=\"#50E6FF\"\/>\n            <\/linearGradient>\n            <linearGradient id=\"paint1_linear_9_9\" x1=\"24.5643\" y1=\"12.9971\" x2=\"-6.03917\" y2=\"12.9971\" gradientUnits=\"userSpaceOnUse\">\n            <stop stop-color=\"#FFDA1C\"\/>\n            <stop offset=\"1\" stop-color=\"#FEB705\"\/>\n            <\/linearGradient>\n            <linearGradient id=\"paint2_linear_9_9\" x1=\"19.7657\" y1=\"4.95934\" x2=\"-15.0772\" y2=\"45.5368\" gradientUnits=\"userSpaceOnUse\">\n            <stop stop-color=\"#D9414F\"\/>\n            <stop offset=\"1\" stop-color=\"#8C193F\"\/>\n            <\/linearGradient>\n            <linearGradient id=\"paint3_linear_9_9\" x1=\"-2.18997\" y1=\"-6.27096\" x2=\"4.71665\" y2=\"5.36978\" gradientUnits=\"userSpaceOnUse\">\n            <stop stop-color=\"#33C481\"\/>\n            <stop offset=\"1\" stop-color=\"#61E3A7\"\/>\n            <\/linearGradient>\n            <\/defs>\n            <\/svg>\n        <div>\n            <span>Disponible en<\/span>\n            Google Play\n        <\/div>\n    <\/a>\n                                                                                                                                                                                <a href=\"https:\/\/apps.apple.com\/es\/app\/telpark\/id658204860\" class=\"tpk-button tpk-button--app dark\" target=\"_blank\">\n        <svg width=\"25\" height=\"30\" viewBox=\"0 0 25 30\" fill=\"none\" xmlns=\"http:\/\/www.w3.org\/2000\/svg\">\n            <path d=\"M23.643 10.227C23.469 10.362 20.397 12.093 20.397 15.942C20.397 20.394 24.306 21.969 24.423 22.008C24.405 22.104 23.802 24.165 22.362 26.265C21.078 28.113 19.737 29.958 17.697 29.958C15.657 29.958 15.132 28.773 12.777 28.773C10.482 28.773 9.666 29.997 7.8 29.997C5.934 29.997 4.632 28.287 3.135 26.187C1.401 23.721 0 19.89 0 16.254C0 10.422 3.792 7.329 7.524 7.329C9.507 7.329 11.16 8.631 12.405 8.631C13.59 8.631 15.438 7.251 17.694 7.251C18.549 7.251 21.621 7.329 23.643 10.227V10.227ZM16.623 4.782C17.556 3.675 18.216 2.139 18.216 0.603C18.216 0.39 18.198 0.174 18.159 0C16.641 0.057 14.835 1.011 13.746 2.274C12.891 3.246 12.093 4.782 12.093 6.339C12.093 6.573 12.132 6.807 12.15 6.882C12.246 6.9 12.402 6.921 12.558 6.921C13.92 6.921 15.633 6.009 16.623 4.782Z\" fill=\"white\"\/>\n        <\/svg>\n        <div>\n            <span>Disponible en<\/span>\n            Apple Store\n        <\/div>\n    <\/a>\n\n                                                                        <\/div>\n        <\/div>\n    <\/div>\n<\/section>\n","protected":false},"excerpt":{"rendered":"","protected":false},"author":1,"featured_media":0,"parent":0,"menu_order":0,"comment_status":"closed","ping_status":"closed","template":"","meta":[],"yoast_head":"<!-- This site is optimized with the Yoast SEO plugin v20.12 - https:\/\/yoast.com\/wordpress\/plugins\/seo\/ -->\n<title>Residents - ORA Xativa<\/title>\n<meta name=\"robots\" content=\"index, follow, max-snippet:-1, max-image-preview:large, max-video-preview:-1\" \/>\n<link rel=\"canonical\" href=\"https:\/\/oraxativa.com\/residentes\/\" \/>\n<meta property=\"og:locale\" content=\"en_US\" \/>\n<meta property=\"og:type\" content=\"article\" \/>\n<meta property=\"og:title\" content=\"Residents - ORA Xativa\" \/>\n<meta property=\"og:url\" content=\"https:\/\/oraxativa.com\/residentes\/\" \/>\n<meta property=\"og:site_name\" content=\"ORA Xativa\" \/>\n<meta property=\"article:modified_time\" content=\"2024-01-23T13:40:39+00:00\" \/>\n<meta name=\"twitter:card\" content=\"summary_large_image\" \/>\n<script type=\"application\/ld+json\" class=\"yoast-schema-graph\">{\"@context\":\"https:\/\/schema.org\",\"@graph\":[{\"@type\":\"WebPage\",\"@id\":\"https:\/\/oraxativa.com\/residentes\/\",\"url\":\"https:\/\/oraxativa.com\/residentes\/\",\"name\":\"Residents - ORA Xativa\",\"isPartOf\":{\"@id\":\"https:\/\/oraxativa.com\/#website\"},\"datePublished\":\"2023-06-08T10:54:56+00:00\",\"dateModified\":\"2024-01-23T13:40:39+00:00\",\"breadcrumb\":{\"@id\":\"https:\/\/oraxativa.com\/residentes\/#breadcrumb\"},\"inLanguage\":\"va\",\"potentialAction\":[{\"@type\":\"ReadAction\",\"target\":[\"https:\/\/oraxativa.com\/residentes\/\"]}]},{\"@type\":\"BreadcrumbList\",\"@id\":\"https:\/\/oraxativa.com\/residentes\/#breadcrumb\",\"itemListElement\":[{\"@type\":\"ListItem\",\"position\":1,\"name\":\"Home\",\"item\":\"https:\/\/oraxativa.com\/\"},{\"@type\":\"ListItem\",\"position\":2,\"name\":\"Residents\"}]},{\"@type\":\"WebSite\",\"@id\":\"https:\/\/oraxativa.com\/#website\",\"url\":\"https:\/\/oraxativa.com\/\",\"name\":\"ORA Xativa\",\"description\":\"Just another ORA Sites site\",\"publisher\":{\"@id\":\"https:\/\/oraxativa.com\/#organization\"},\"potentialAction\":[{\"@type\":\"SearchAction\",\"target\":{\"@type\":\"EntryPoint\",\"urlTemplate\":\"https:\/\/oraxativa.com\/?s={search_term_string}\"},\"query-input\":\"required name=search_term_string\"}],\"inLanguage\":\"va\"},{\"@type\":\"Organization\",\"@id\":\"https:\/\/oraxativa.com\/#organization\",\"name\":\"ORA Xativa\",\"url\":\"https:\/\/oraxativa.com\/\",\"logo\":{\"@type\":\"ImageObject\",\"inLanguage\":\"va\",\"@id\":\"https:\/\/oraxativa.com\/#\/schema\/logo\/image\/\",\"url\":\"https:\/\/oraxativa.com\/wp-content\/uploads\/sites\/19\/2023\/06\/logo-xativa.jpg\",\"contentUrl\":\"https:\/\/oraxativa.com\/wp-content\/uploads\/sites\/19\/2023\/06\/logo-xativa.jpg\",\"width\":128,\"height\":32,\"caption\":\"ORA Xativa\"},\"image\":{\"@id\":\"https:\/\/oraxativa.com\/#\/schema\/logo\/image\/\"}}]}<\/script>\n<!-- \/ Yoast SEO plugin. -->","yoast_head_json":{"title":"Residents - ORA Xativa","robots":{"index":"index","follow":"follow","max-snippet":"max-snippet:-1","max-image-preview":"max-image-preview:large","max-video-preview":"max-video-preview:-1"},"canonical":"https:\/\/oraxativa.com\/residentes\/","og_locale":"en_US","og_type":"article","og_title":"Residents - ORA Xativa","og_url":"https:\/\/oraxativa.com\/residentes\/","og_site_name":"ORA Xativa","article_modified_time":"2024-01-23T13:40:39+00:00","twitter_card":"summary_large_image","schema":{"@context":"https:\/\/schema.org","@graph":[{"@type":"WebPage","@id":"https:\/\/oraxativa.com\/residentes\/","url":"https:\/\/oraxativa.com\/residentes\/","name":"Residents - ORA Xativa","isPartOf":{"@id":"https:\/\/oraxativa.com\/#website"},"datePublished":"2023-06-08T10:54:56+00:00","dateModified":"2024-01-23T13:40:39+00:00","breadcrumb":{"@id":"https:\/\/oraxativa.com\/residentes\/#breadcrumb"},"inLanguage":"va","potentialAction":[{"@type":"ReadAction","target":["https:\/\/oraxativa.com\/residentes\/"]}]},{"@type":"BreadcrumbList","@id":"https:\/\/oraxativa.com\/residentes\/#breadcrumb","itemListElement":[{"@type":"ListItem","position":1,"name":"Home","item":"https:\/\/oraxativa.com\/"},{"@type":"ListItem","position":2,"name":"Residents"}]},{"@type":"WebSite","@id":"https:\/\/oraxativa.com\/#website","url":"https:\/\/oraxativa.com\/","name":"ORA Xativa","description":"Just another ORA Sites site","publisher":{"@id":"https:\/\/oraxativa.com\/#organization"},"potentialAction":[{"@type":"SearchAction","target":{"@type":"EntryPoint","urlTemplate":"https:\/\/oraxativa.com\/?s={search_term_string}"},"query-input":"required name=search_term_string"}],"inLanguage":"va"},{"@type":"Organization","@id":"https:\/\/oraxativa.com\/#organization","name":"ORA Xativa","url":"https:\/\/oraxativa.com\/","logo":{"@type":"ImageObject","inLanguage":"va","@id":"https:\/\/oraxativa.com\/#\/schema\/logo\/image\/","url":"https:\/\/oraxativa.com\/wp-content\/uploads\/sites\/19\/2023\/06\/logo-xativa.jpg","contentUrl":"https:\/\/oraxativa.com\/wp-content\/uploads\/sites\/19\/2023\/06\/logo-xativa.jpg","width":128,"height":32,"caption":"ORA Xativa"},"image":{"@id":"https:\/\/oraxativa.com\/#\/schema\/logo\/image\/"}}]}},"meta_box":[],"_links":{"self":[{"href":"https:\/\/oraxativa.com\/va\/wp-json\/wp\/v2\/pages\/298"}],"collection":[{"href":"https:\/\/oraxativa.com\/va\/wp-json\/wp\/v2\/pages"}],"about":[{"href":"https:\/\/oraxativa.com\/va\/wp-json\/wp\/v2\/types\/page"}],"author":[{"embeddable":true,"href":"https:\/\/oraxativa.com\/va\/wp-json\/wp\/v2\/users\/1"}],"replies":[{"embeddable":true,"href":"https:\/\/oraxativa.com\/va\/wp-json\/wp\/v2\/comments?post=298"}],"version-history":[{"count":2,"href":"https:\/\/oraxativa.com\/va\/wp-json\/wp\/v2\/pages\/298\/revisions"}],"predecessor-version":[{"id":608,"href":"https:\/\/oraxativa.com\/va\/wp-json\/wp\/v2\/pages\/298\/revisions\/608"}],"wp:attachment":[{"href":"https:\/\/oraxativa.com\/va\/wp-json\/wp\/v2\/media?parent=298"}],"curies":[{"name":"wp","href":"https:\/\/api.w.org\/{rel}","templated":true}]}}