{"id":297,"date":"2023-06-08T12:55:09","date_gmt":"2023-06-08T10:55:09","guid":{"rendered":"https:\/\/oraxativa.com\/zona-eco\/"},"modified":"2024-01-23T15:13:39","modified_gmt":"2024-01-23T14:13:39","slug":"zona-eco","status":"publish","type":"page","link":"https:\/\/oraxativa.com\/va\/zona-eco\/","title":{"rendered":"Zona ECO"},"content":{"rendered":"\n<section class=\"tpk-hero                 lower\"\n         style=\"\">\n                        <picture >\n\n                    <source srcset=\"https:\/\/oraxativa.com\/wp-content\/uploads\/sites\/19\/2023\/06\/5a85bde1e5c64_Banner-Xativa_CochesElectricos_VALENC-480x300.jpg\" media=\"((min-width: 0rem) and (max-width: 30rem))\">\n                             <source srcset=\"https:\/\/oraxativa.com\/wp-content\/uploads\/sites\/19\/2023\/06\/5a85bde1e5c64_Banner-Xativa_CochesElectricos_VALENC-1024x300.jpg\" media=\"(min-width: 30rem) and (max-width: 64rem)\" >\n                            <source srcset=\"https:\/\/oraxativa.com\/wp-content\/uploads\/sites\/19\/2023\/06\/5a85bde1e5c64_Banner-Xativa_CochesElectricos_VALENC.jpg\" media=\"(min-width: 64rem)\" >\n        \n        \n                                                                                                        \n        <img src=\"https:\/\/oraxativa.com\/wp-content\/uploads\/sites\/19\/2023\/06\/5a85bde1e5c64_Banner-Xativa_CochesElectricos_VALENC.jpg\" alt=\"\"  width=\"1140\" height=\"300\"  loading=\"eager\">\n    <\/picture>\n\n    \n        <div class=\"tpk-hero__content wrapper row\">\n                    <div class=\"col-xs-12 col-sm-12 pr-h pl-h\">\n                                <header class=\"tpk-head  wrapper\">\n    <p class=\"tpk-head__caption\">Funcionalitat<\/p>    <h1 class=\"tpk-head__title\">Zona ECO<\/h1>    <\/header>\n            \n                    <\/div>\n    <\/div>\n    <\/section>\n<div class=\"tpk-spinner__wrapper\">\n    <div class=\"tpk-spinner\"><\/div>\n<\/div>\n\n<article class=\"tpk-page\">\n    <div class=\"row wrapper center-xs tpk-page__content\">\n        <div class=\"col-xs-12 col-sm-10 col-md-8 pt-4 pb-4\">\n            <blockquote>\n<h2>Rec\u00e0rrega de vehicles el\u00e8ctrics<\/h2>\n<\/blockquote>\n<p>Ja est\u00e0 en servici\u00a0la <strong>nova Zona ECO<\/strong> habilitada en l'Av. Selgas, 1 de X\u00e0tiva que est\u00e0 composta de 4 places de zona verda adaptades per al seu \u00fas amb vehicles el\u00e8ctrics o h\u00edbrids enchufables, de manera que els usuaris residents a X\u00e0tiva que disposen d'un vehicle d'estes caracter\u00edstiques puguen connectar-ho per a la seua rec\u00e0rrega. En estes places, a causa del limitat nombre d'elles, no hi ha rebaixa en la tarifa d'estacionament per als residents, per\u00f2 podran connectar-ho a un dels pals habilitats per a la seua rec\u00e0rrega el\u00e8ctrica gratu\u00efta mentres dure l'estacionament pagat.<\/p>\n<p><strong>Per a poder beneficiar-se de la rec\u00e0rrega gratu\u00efta, no cal obtindre un distintiu f\u00edsic d'autoritzaci\u00f3 d'\u00fas de carregador el\u00e8ctric, \u00e9s prou amb el distintiu virtual. Estes autoritzacions es sol\u00b7licitaran per registre d'entrada en l'Ajuntament de X\u00e0tiva. Si ho desitja, pot cridar al 962 35 90 85\u00a0 on li explicaran els tr\u00e0mits relacionats i documentaci\u00f3 a presentar.<\/strong><\/p>\n<p>Una vegada aprovada la seua sol\u00b7licitud per l'ajuntament, contactarem amb vost\u00e9 per a informar-li del moment d'activaci\u00f3 del distintiu virtual, a partir del qual podr\u00e0 comen\u00e7ar a utilitzar estes places.<\/p>\n<p>Per a poder sol\u00b7licitar l'autoritzaci\u00f3 d'\u00fas de carregador el\u00e8ctric haur\u00e0 d'estar empadronat a X\u00e0tiva, aix\u00ed com no tindre deutes municipals amb l'Ajuntament. Estos extrems seran verificats directament per l'Ajuntament per a l'aprovaci\u00f3 o denegaci\u00f3 de la corresponent autoritzaci\u00f3.<\/p>\n<p><strong>Una vegada aprovada la seua sol\u00b7licitud, el nou distintiu virtual tindr\u00e0 validesa fins al 31 de desembre. Anualment es verificar\u00e0 per part de l'Ajuntament que les autoritzacions concedides continuen complint els requisits (empadronament, abs\u00e8ncia de deutes municipals) i procedir\u00e0 a la seua renovaci\u00f3 autom\u00e0tica d'ofici. Als 5 anys s'iniciar\u00e0 un nou proc\u00e9s complet de renovaci\u00f3 en qu\u00e8 haur\u00e0 d'aportar novament tota la documentaci\u00f3.<\/strong><\/p>\n<p>&nbsp;<\/p>\n<blockquote>\n<h3><strong><u>DOCUMENTACI\u00d3 NECESS\u00c0RIA PER A SOL\u00b7LICITAR L'AUTORITZACI\u00d3 D'\u00daS DE CARREGADOR EL\u00c8CTRIC EN ZONA ECO.<\/u><\/strong><\/h3>\n<\/blockquote>\n<p>En el cas que siga dispose de la targeta de resident en zona ORA, no cal aportar la documentaci\u00f3, ja que ja es va entregar en el moment de sol\u00b7licitar la targeta de resident en zona ORA.<\/p>\n<p>Per a tramitar la sol\u00b7licitud d'autoritzaci\u00f3 en zona ECO, cal presentar l'escrit de sol\u00b7licitud i original i fotoc\u00f2pia de la seg\u00fcent documentaci\u00f3 en el registre d'entrada de l'Ajuntament:<\/p>\n<ul>\n<li>DNI, o targeta de resid\u00e8ncia i passaport.<\/li>\n<li>Perm\u00eds de circulaci\u00f3 del vehicle.<\/li>\n<\/ul>\n<blockquote>\n<p><strong>\u00a0Si el vehicle \u00e9s de l\u00edsing o de r\u00e8nting, el sol\u00b7licitant ha de presentar a m\u00e9s de la documentaci\u00f3 anterior:<\/strong><\/p>\n<\/blockquote>\n<ul>\n<li>Contracte a nom del sol\u00b7licitant.<\/li>\n<\/ul>\n<blockquote>\n<p>\u00a0<strong>Si el vehicle \u00e9s d'empresa, el sol\u00b7licitant ha de presentar la mateixa documentaci\u00f3 que per als vehicles propietat de persones f\u00edsiques i tamb\u00e9:<\/strong><\/p>\n<\/blockquote>\n<ul>\n<li>Certificat de l'empresa segellat, que acredite que el sol\u00b7licitant \u00e9s el conductor habitual del vehicle d'empresa, o n\u00f2mina o contracte que justifique la relaci\u00f3 laboral del sol\u00b7licitant amb l'empresa.<\/li>\n<li>DNI del representant legal de l'empresa.<\/li>\n<\/ul>\n<p>&nbsp;<\/p>\n<blockquote>\n<p><strong><u>CANVIS EN LA DOCUMENTACI\u00d3<\/u><\/strong><\/p>\n<p>En el cas que algun document entregat al sol\u00b7licitar la targeta varie, el resident ha d'informar i presentar la nova documentaci\u00f3.<\/p>\n<\/blockquote>\n\n        <\/div>\n    <\/div>\n<\/article>\n\n<section class=\"tpk-products \">\n    <div class=\"wrapper pl-1 pr-1 pb-3\">\n                <header class=\"tpk-head  wrapper\">\n    <p class=\"tpk-head__caption\">Documents descarregables<\/p>    <h2 class=\"tpk-head__title\">Consulta la informaci\u00f3 sobre la Zona ECO<\/h2>    <\/header>    <\/div>\n\n    <div class=\"wrapper tpk-products__cards  \">\n        <input type=\"hidden\" id=\"_wpnonce\" name=\"_wpnonce\" value=\"2866aede2d\" \/><input type=\"hidden\" name=\"_wp_http_referer\" value=\"\/va\/wp-json\/wp\/v2\/pages\/297\" \/>\n                    <div class=\"tpk-card-product  \">\n\n\t<div class=\"tpk-card-product__head\">\n\t\t\t\t\t<span class=\"icon icon-documento icon--lg\"><\/span>\n\t\t\t\t\t<\/div>\n\t<div class=\"tpk-card-product__content\">\n\t\t<h3 class=\"tpk-card-product__content__title\">Sol\u00b7licitud el\u00e8ctrics 2024<\/h3>\n\t\t\t<\/div>\n\t\t\t\t\t\t\t\t\t\t\t\t\t\t<a  class=\"tpk-button tpk-button--primary tpk-button--lg \" href=\"https:\/\/oraxativa.com\/wp-content\/uploads\/sites\/19\/2023\/06\/5a85b65295766_Solicitud-Electricos-2018_ES_compressed-4.pdf\"     download >\n    <span>Descarregar<\/span>\n            <span class=\"icon icon-download icon--sm\">\n        <\/span>\n    <\/a>\t\t\t\t\t\t\t<\/div>\n            <\/div>\n<\/section>\n\n\n<section class=\"tpk-banner-cta tpk-banner-cta--half   \"\n         style=\"                 \">\n    <div class=\"tpk-banner-cta--half__picture\">\n                                    <picture >\n\n                    <source srcset=\"https:\/\/oraxativa.com\/wp-content\/uploads\/sites\/19\/2023\/06\/589074be4670b_Noticia_Ora_-Xativa-460x320.jpg\" media=\"((min-width: 0rem) and (max-width: 30rem))\">\n                             <source srcset=\"https:\/\/oraxativa.com\/wp-content\/uploads\/sites\/19\/2023\/06\/589074be4670b_Noticia_Ora_-Xativa-520x320.jpg\" media=\"(min-width: 30rem) and (max-width: 64rem)\" >\n                            <source srcset=\"https:\/\/oraxativa.com\/wp-content\/uploads\/sites\/19\/2023\/06\/589074be4670b_Noticia_Ora_-Xativa.jpg\" media=\"(min-width: 64rem)\" >\n        \n        \n                                                                                                        \n        <img src=\"https:\/\/oraxativa.com\/wp-content\/uploads\/sites\/19\/2023\/06\/589074be4670b_Noticia_Ora_-Xativa.jpg\" alt=\"\"  width=\"730\" height=\"320\"  loading=\"lazy\" >\n    <\/picture>\n\n            <\/div>\n\n    <div class=\"tpk-banner-cta__content row wrapper middle-xs\">\n        <div class=\"col-xs-12 col-md-6 tpk-banner-cta__content__text\">\n                        <header class=\"tpk-head  wrapper\">\n    <p class=\"tpk-head__caption\">Informaci\u00f3<\/p>    <h2 class=\"tpk-head__title\">Zona blava<\/h2>    <p><strong>Horari<\/strong><\/p>\n<ul>\n<li><strong>Dilluns a divendres<\/strong>\n<ul>\n<li>Hivern: de 09:*00h a 14:*00h i de 16:*00h a 20:*00h<\/li>\n<li>Estiu: de 09:*00h a 14:*00h i de 16:*30h a 20:*30h<\/li>\n<\/ul>\n<\/li>\n<li><strong>Dissabtes, diumenges i festius<\/strong> sense servici<\/li>\n<\/ul>\n<p><strong>Tarifes<\/strong><\/p>\n<ul>\n<li>31 minuts: <strong>0,25 \u20ac<\/strong><\/li>\n<li>62 minuts: <strong>0,50 \u20ac<\/strong><\/li>\n<li>90 minuts: <strong>0,95 \u20ac<\/strong><\/li>\n<li>123 minuts (m\u00e0xim): <strong>2,00 \u20ac<\/strong><\/li>\n<\/ul>\n<\/header>            <div class=\"tpk-banner-cta__buttons\">\n                                                        <a  class=\"tpk-button tpk-button--primary tpk-button--lg \" href=\"https:\/\/oraxativa.com\/va\/horaris-i-tarifes\/\"    >\n    <span>Consultar<\/span>\n    <\/a>                            <\/div>\n        <\/div>\n    <\/div>\n<\/section>\n\n\n<section\n        class=\"tpk-banner-cta tpk-banner-cta--background   \"\n        style=\" --bg-picture: url('https:\/\/oraxativa.com\/wp-content\/uploads\/sites\/19\/2023\/06\/banner.jpg'); \">\n    <div class=\"tpk-banner-cta__content row wrapper middle-xs \">\n                                <div class=\"col-xs-12 col-md-6 tpk-banner-cta__content__text  \">\n                                                <header class=\"tpk-head  wrapper\">\n    <p class=\"tpk-head__caption\">Consulta les zones d'estacionament regulat<\/p>    <h2 class=\"tpk-head__title\">Pla General de X\u00e0tiva<\/h2>    <\/header>                                    <div class=\"tpk-banner-cta__buttons\">\n                                                                                <a  class=\"tpk-button tpk-button--primary tpk-button--lg \" href=\"\/va\/planos\/\"    >\n    <span>Veure<\/span>\n    <\/a>                                            <\/div>\n                            <\/div>\n        <\/div>\n<\/section>\n\n<article class=\"tpk-page\">\n    <div class=\"row wrapper center-xs tpk-page__content\">\n        <div class=\"col-xs-12 col-sm-10 col-md-8 pt-4 pb-4\">\n            <h3>Preguntes Freq\u00fcents<\/h3>\n<blockquote>\n<p>Si t\u00e9 qualsevol dubte no dubte a consultar la nostra F.A.Q. (Preguntes Freq\u00fcents) on trobar\u00e0 les q\u00fcestions realitzades per la majoria dels usuaris.<\/p>\n<p><a href=\"https:\/\/oraxativa.com\/va\/faqs\/\">VEURE PREGUNTES FREQ\u00dcENTS<\/a><\/p>\n<\/blockquote>\n\n        <\/div>\n    <\/div>\n<\/article>\n\n\n<section class=\"tpk-banner-app \">\n    <div class=\"row wrapper middle-xs\">\n        <div class=\"col-xs-12 col-sm-6 col-no-gutter tpk-banner-app__picture\">\n                                                <picture class=\"hide-xs show-sm\">\n\n                             <source srcset=\"https:\/\/oraxativa.com\/wp-content\/uploads\/sites\/19\/2023\/06\/banner_app_qr-488x398.png\" media=\"(min-width: 30rem) and (max-width: 64rem)\" >\n                            <source srcset=\"https:\/\/oraxativa.com\/wp-content\/uploads\/sites\/19\/2023\/06\/banner_app_qr.png\" media=\"(min-width: 64rem)\" >\n        \n        \n                                                                                                        \n        <img src=\"https:\/\/oraxativa.com\/wp-content\/uploads\/sites\/19\/2023\/06\/banner_app_qr.png\" alt=\"\"  width=\"518\" height=\"398\"  loading=\"lazy\" >\n    <\/picture>\n\n                                <\/div>\n        <div class=\"col-xs-12 col-sm-6 tpk-banner-app__content\">\n                        <header class=\"tpk-head  wrapper\">\n    <p class=\"tpk-head__caption\">Aparca i seguix<\/p>    <h2 class=\"tpk-head__title\">Escaneja el codi amb el teu m\u00f2bil per a descarregar l'app<\/h2>    <\/header>\n                        <div class=\"tpk-banner-app__buttons\">\n                                                                                                                    \n    <a href=\"https:\/\/play.google.com\/store\/apps\/details?id=com.delaware.empark\" class=\"tpk-button tpk-button--app dark\" target=\"_blank\">\n        <svg width=\"23\" height=\"26\" viewBox=\"0 0 23 26\" fill=\"none\" xmlns=\"http:\/\/www.w3.org\/2000\/svg\">\n            <path fill-rule=\"evenodd\" clip-rule=\"evenodd\" d=\"M0.862422 0.87988C0.581172 1.18175 0.419922 1.64675 0.419922 2.25113V23.7411C0.419922 24.3455 0.581172 24.8105 0.873047 25.1018L0.949297 25.1661L12.9905 13.1249V12.8543L0.938672 0.815505L0.862422 0.87988Z\" fill=\"url(#paint0_linear_9_9)\"\/>\n            <path fill-rule=\"evenodd\" clip-rule=\"evenodd\" d=\"M16.9962 17.1543L12.98 13.1368V12.8556L16.9975 8.83807L17.0843 8.89182L21.8362 11.5924C23.1968 12.3593 23.1968 13.6231 21.8362 14.4006L17.0843 17.1012L16.9962 17.1543Z\" fill=\"url(#paint1_linear_9_9)\"\/>\n            <path fill-rule=\"evenodd\" clip-rule=\"evenodd\" d=\"M17.083 17.1005L12.9799 12.9961L0.862371 25.1136C1.30487 25.5892 2.04987 25.643 2.88237 25.178L17.083 17.1005Z\" fill=\"url(#paint2_linear_9_9)\"\/>\n            <path fill-rule=\"evenodd\" clip-rule=\"evenodd\" d=\"M17.083 8.89304L2.88237 0.82616C2.05112 0.350535 1.30487 0.41491 0.862371 0.890535L12.9786 12.9962L17.083 8.89304Z\" fill=\"url(#paint3_linear_9_9)\"\/>\n            <defs>\n            <linearGradient id=\"paint0_linear_9_9\" x1=\"35.6607\" y1=\"-6.74995\" x2=\"-5.23028\" y2=\"12.2052\" gradientUnits=\"userSpaceOnUse\">\n            <stop stop-color=\"#047ED6\"\/>\n            <stop offset=\"1\" stop-color=\"#50E6FF\"\/>\n            <\/linearGradient>\n            <linearGradient id=\"paint1_linear_9_9\" x1=\"24.5643\" y1=\"12.9971\" x2=\"-6.03917\" y2=\"12.9971\" gradientUnits=\"userSpaceOnUse\">\n            <stop stop-color=\"#FFDA1C\"\/>\n            <stop offset=\"1\" stop-color=\"#FEB705\"\/>\n            <\/linearGradient>\n            <linearGradient id=\"paint2_linear_9_9\" x1=\"19.7657\" y1=\"4.95934\" x2=\"-15.0772\" y2=\"45.5368\" gradientUnits=\"userSpaceOnUse\">\n            <stop stop-color=\"#D9414F\"\/>\n            <stop offset=\"1\" stop-color=\"#8C193F\"\/>\n            <\/linearGradient>\n            <linearGradient id=\"paint3_linear_9_9\" x1=\"-2.18997\" y1=\"-6.27096\" x2=\"4.71665\" y2=\"5.36978\" gradientUnits=\"userSpaceOnUse\">\n            <stop stop-color=\"#33C481\"\/>\n            <stop offset=\"1\" stop-color=\"#61E3A7\"\/>\n            <\/linearGradient>\n            <\/defs>\n            <\/svg>\n        <div>\n            <span>Disponible en<\/span>\n            Google Play\n        <\/div>\n    <\/a>\n                                                                                                                                                                                <a href=\"https:\/\/apps.apple.com\/es\/app\/telpark\/id658204860\" class=\"tpk-button tpk-button--app dark\" target=\"_blank\">\n        <svg width=\"25\" height=\"30\" viewBox=\"0 0 25 30\" fill=\"none\" xmlns=\"http:\/\/www.w3.org\/2000\/svg\">\n            <path d=\"M23.643 10.227C23.469 10.362 20.397 12.093 20.397 15.942C20.397 20.394 24.306 21.969 24.423 22.008C24.405 22.104 23.802 24.165 22.362 26.265C21.078 28.113 19.737 29.958 17.697 29.958C15.657 29.958 15.132 28.773 12.777 28.773C10.482 28.773 9.666 29.997 7.8 29.997C5.934 29.997 4.632 28.287 3.135 26.187C1.401 23.721 0 19.89 0 16.254C0 10.422 3.792 7.329 7.524 7.329C9.507 7.329 11.16 8.631 12.405 8.631C13.59 8.631 15.438 7.251 17.694 7.251C18.549 7.251 21.621 7.329 23.643 10.227V10.227ZM16.623 4.782C17.556 3.675 18.216 2.139 18.216 0.603C18.216 0.39 18.198 0.174 18.159 0C16.641 0.057 14.835 1.011 13.746 2.274C12.891 3.246 12.093 4.782 12.093 6.339C12.093 6.573 12.132 6.807 12.15 6.882C12.246 6.9 12.402 6.921 12.558 6.921C13.92 6.921 15.633 6.009 16.623 4.782Z\" fill=\"white\"\/>\n        <\/svg>\n        <div>\n            <span>Disponible en<\/span>\n            Apple Store\n        <\/div>\n    <\/a>\n\n                                                                        <\/div>\n        <\/div>\n    <\/div>\n<\/section>\n","protected":false},"excerpt":{"rendered":"","protected":false},"author":1,"featured_media":0,"parent":0,"menu_order":0,"comment_status":"closed","ping_status":"closed","template":"","meta":[],"yoast_head":"<!-- This site is optimized with the Yoast SEO plugin v20.12 - https:\/\/yoast.com\/wordpress\/plugins\/seo\/ -->\n<title>Zona ECO - ORA Xativa<\/title>\n<meta name=\"robots\" content=\"index, follow, max-snippet:-1, max-image-preview:large, max-video-preview:-1\" \/>\n<link rel=\"canonical\" href=\"https:\/\/oraxativa.com\/zona-eco\/\" \/>\n<meta property=\"og:locale\" content=\"en_US\" \/>\n<meta property=\"og:type\" content=\"article\" \/>\n<meta property=\"og:title\" content=\"Zona ECO - ORA Xativa\" \/>\n<meta property=\"og:url\" content=\"https:\/\/oraxativa.com\/zona-eco\/\" \/>\n<meta property=\"og:site_name\" content=\"ORA Xativa\" \/>\n<meta property=\"article:modified_time\" content=\"2024-01-23T14:13:39+00:00\" \/>\n<meta name=\"twitter:card\" content=\"summary_large_image\" \/>\n<script type=\"application\/ld+json\" class=\"yoast-schema-graph\">{\"@context\":\"https:\/\/schema.org\",\"@graph\":[{\"@type\":\"WebPage\",\"@id\":\"https:\/\/oraxativa.com\/zona-eco\/\",\"url\":\"https:\/\/oraxativa.com\/zona-eco\/\",\"name\":\"Zona ECO - ORA Xativa\",\"isPartOf\":{\"@id\":\"https:\/\/oraxativa.com\/#website\"},\"datePublished\":\"2023-06-08T10:55:09+00:00\",\"dateModified\":\"2024-01-23T14:13:39+00:00\",\"breadcrumb\":{\"@id\":\"https:\/\/oraxativa.com\/zona-eco\/#breadcrumb\"},\"inLanguage\":\"va\",\"potentialAction\":[{\"@type\":\"ReadAction\",\"target\":[\"https:\/\/oraxativa.com\/zona-eco\/\"]}]},{\"@type\":\"BreadcrumbList\",\"@id\":\"https:\/\/oraxativa.com\/zona-eco\/#breadcrumb\",\"itemListElement\":[{\"@type\":\"ListItem\",\"position\":1,\"name\":\"Home\",\"item\":\"https:\/\/oraxativa.com\/\"},{\"@type\":\"ListItem\",\"position\":2,\"name\":\"Zona ECO\"}]},{\"@type\":\"WebSite\",\"@id\":\"https:\/\/oraxativa.com\/#website\",\"url\":\"https:\/\/oraxativa.com\/\",\"name\":\"ORA Xativa\",\"description\":\"Just another ORA Sites site\",\"publisher\":{\"@id\":\"https:\/\/oraxativa.com\/#organization\"},\"potentialAction\":[{\"@type\":\"SearchAction\",\"target\":{\"@type\":\"EntryPoint\",\"urlTemplate\":\"https:\/\/oraxativa.com\/?s={search_term_string}\"},\"query-input\":\"required name=search_term_string\"}],\"inLanguage\":\"va\"},{\"@type\":\"Organization\",\"@id\":\"https:\/\/oraxativa.com\/#organization\",\"name\":\"ORA Xativa\",\"url\":\"https:\/\/oraxativa.com\/\",\"logo\":{\"@type\":\"ImageObject\",\"inLanguage\":\"va\",\"@id\":\"https:\/\/oraxativa.com\/#\/schema\/logo\/image\/\",\"url\":\"https:\/\/oraxativa.com\/wp-content\/uploads\/sites\/19\/2023\/06\/logo-xativa.jpg\",\"contentUrl\":\"https:\/\/oraxativa.com\/wp-content\/uploads\/sites\/19\/2023\/06\/logo-xativa.jpg\",\"width\":128,\"height\":32,\"caption\":\"ORA Xativa\"},\"image\":{\"@id\":\"https:\/\/oraxativa.com\/#\/schema\/logo\/image\/\"}}]}<\/script>\n<!-- \/ Yoast SEO plugin. -->","yoast_head_json":{"title":"Zona ECO - ORA Xativa","robots":{"index":"index","follow":"follow","max-snippet":"max-snippet:-1","max-image-preview":"max-image-preview:large","max-video-preview":"max-video-preview:-1"},"canonical":"https:\/\/oraxativa.com\/zona-eco\/","og_locale":"en_US","og_type":"article","og_title":"Zona ECO - ORA Xativa","og_url":"https:\/\/oraxativa.com\/zona-eco\/","og_site_name":"ORA Xativa","article_modified_time":"2024-01-23T14:13:39+00:00","twitter_card":"summary_large_image","schema":{"@context":"https:\/\/schema.org","@graph":[{"@type":"WebPage","@id":"https:\/\/oraxativa.com\/zona-eco\/","url":"https:\/\/oraxativa.com\/zona-eco\/","name":"Zona ECO - ORA Xativa","isPartOf":{"@id":"https:\/\/oraxativa.com\/#website"},"datePublished":"2023-06-08T10:55:09+00:00","dateModified":"2024-01-23T14:13:39+00:00","breadcrumb":{"@id":"https:\/\/oraxativa.com\/zona-eco\/#breadcrumb"},"inLanguage":"va","potentialAction":[{"@type":"ReadAction","target":["https:\/\/oraxativa.com\/zona-eco\/"]}]},{"@type":"BreadcrumbList","@id":"https:\/\/oraxativa.com\/zona-eco\/#breadcrumb","itemListElement":[{"@type":"ListItem","position":1,"name":"Home","item":"https:\/\/oraxativa.com\/"},{"@type":"ListItem","position":2,"name":"Zona ECO"}]},{"@type":"WebSite","@id":"https:\/\/oraxativa.com\/#website","url":"https:\/\/oraxativa.com\/","name":"ORA Xativa","description":"Just another ORA Sites site","publisher":{"@id":"https:\/\/oraxativa.com\/#organization"},"potentialAction":[{"@type":"SearchAction","target":{"@type":"EntryPoint","urlTemplate":"https:\/\/oraxativa.com\/?s={search_term_string}"},"query-input":"required name=search_term_string"}],"inLanguage":"va"},{"@type":"Organization","@id":"https:\/\/oraxativa.com\/#organization","name":"ORA Xativa","url":"https:\/\/oraxativa.com\/","logo":{"@type":"ImageObject","inLanguage":"va","@id":"https:\/\/oraxativa.com\/#\/schema\/logo\/image\/","url":"https:\/\/oraxativa.com\/wp-content\/uploads\/sites\/19\/2023\/06\/logo-xativa.jpg","contentUrl":"https:\/\/oraxativa.com\/wp-content\/uploads\/sites\/19\/2023\/06\/logo-xativa.jpg","width":128,"height":32,"caption":"ORA Xativa"},"image":{"@id":"https:\/\/oraxativa.com\/#\/schema\/logo\/image\/"}}]}},"meta_box":[],"_links":{"self":[{"href":"https:\/\/oraxativa.com\/va\/wp-json\/wp\/v2\/pages\/297"}],"collection":[{"href":"https:\/\/oraxativa.com\/va\/wp-json\/wp\/v2\/pages"}],"about":[{"href":"https:\/\/oraxativa.com\/va\/wp-json\/wp\/v2\/types\/page"}],"author":[{"embeddable":true,"href":"https:\/\/oraxativa.com\/va\/wp-json\/wp\/v2\/users\/1"}],"replies":[{"embeddable":true,"href":"https:\/\/oraxativa.com\/va\/wp-json\/wp\/v2\/comments?post=297"}],"version-history":[{"count":3,"href":"https:\/\/oraxativa.com\/va\/wp-json\/wp\/v2\/pages\/297\/revisions"}],"predecessor-version":[{"id":644,"href":"https:\/\/oraxativa.com\/va\/wp-json\/wp\/v2\/pages\/297\/revisions\/644"}],"wp:attachment":[{"href":"https:\/\/oraxativa.com\/va\/wp-json\/wp\/v2\/media?parent=297"}],"curies":[{"name":"wp","href":"https:\/\/api.w.org\/{rel}","templated":true}]}}